{"id":720,"date":"2019-03-27T19:15:12","date_gmt":"2019-03-27T19:15:12","guid":{"rendered":"http:\/\/www.medicalvibez.com\/?page_id=720"},"modified":"2023-08-20T14:32:25","modified_gmt":"2023-08-20T14:32:25","slug":"dji-dance","status":"publish","type":"page","link":"https:\/\/www.medicalvibez.com\/?page_id=720","title":{"rendered":"Dji Dance &#8211; Aquatic Therapy"},"content":{"rendered":"<div class=\"wp-block-image\">\n<figure class=\"aligncenter size-large is-resized\"><a href=\"https:\/\/www.medicalvibez.com\/wp-content\/uploads\/2023\/08\/IMG-1902-scaled.jpg\"><img loading=\"lazy\" decoding=\"async\" src=\"https:\/\/www.medicalvibez.com\/wp-content\/uploads\/2023\/08\/IMG-1902-768x1024.jpg\" alt=\"\" class=\"wp-image-941\" width=\"449\" height=\"598\" srcset=\"https:\/\/www.medicalvibez.com\/wp-content\/uploads\/2023\/08\/IMG-1902-768x1024.jpg 768w, https:\/\/www.medicalvibez.com\/wp-content\/uploads\/2023\/08\/IMG-1902-225x300.jpg 225w, https:\/\/www.medicalvibez.com\/wp-content\/uploads\/2023\/08\/IMG-1902-1152x1536.jpg 1152w, https:\/\/www.medicalvibez.com\/wp-content\/uploads\/2023\/08\/IMG-1902-1536x2048.jpg 1536w, https:\/\/www.medicalvibez.com\/wp-content\/uploads\/2023\/08\/IMG-1902-scaled.jpg 1920w\" sizes=\"auto, (max-width: 449px) 100vw, 449px\" \/><\/a><\/figure>\n<\/div>\n\n\n<h3 class=\"wp-block-heading\">Dji Dance&nbsp;is pure Magic in Water: a deeply relaxing form of holistic bodywork, which takes place in warm thermal water. For me, another way of meditation &amp; Dancing. For you, a journey to the endless blue depth of your inner ocean. Enjoy being held meanwhile rediscovering trust and peace within yourself<\/h3>\n\n\n\n<h3 class=\"wp-block-heading\">DjiDance combines elements of soft stretching movements, aquatic deep tissue massage, joint release, as well as energy and breathwork by Watsu, buddhist-medical healing concepts, Yoga, Wata and Healing Dance Techniques. You can choose a session exclusively face above water surface (60 min) or inclusively underwater parts (90 min) . Especially designed movements allow your whole spine to swing and energy to flow again. DjiDance offers lots of potential by relaxing and opening up the body in a very sensitive fluent way- your natural energies will flow again, in and with the water. I absolutely recommend during pregnancy. Your lymphatic system is supported by the water pressure, deepening the breath, opening of the time-space perception, revealing of old wounds psychologically as physically and last but not least reconnecting to unexploited resources. Water therapy is a catalyst for new growth opportunities.<\/h3>\n\n\n\n<figure class=\"wp-block-embed is-type-video is-provider-youtube wp-block-embed-youtube wp-embed-aspect-16-9 wp-has-aspect-ratio\"><div class=\"wp-block-embed__wrapper\">\n<iframe loading=\"lazy\" title=\"AfroCultureDance - DjiDance - dancing in the water\" width=\"525\" height=\"295\" src=\"https:\/\/www.youtube.com\/embed\/KxFB2EFMQME?feature=oembed\" frameborder=\"0\" allow=\"accelerometer; autoplay; clipboard-write; encrypted-media; gyroscope; picture-in-picture; web-share\" referrerpolicy=\"strict-origin-when-cross-origin\" allowfullscreen><\/iframe>\n<\/div><\/figure>\n\n\n\n<h3 class=\"wp-block-heading\">Life brings continuously so many changes to our physical matters that we sometimes hardly follow. We feel shaken up and frightened, we try to cling to what we are used to. We have little faith in the ups and downs of Life. We leap at the flow of the tide and resist in terror its ebb &amp; flow. After a great blow or crisis, we settle down to the new condition of things and adjust ourselves. We are sure that the new situation will now be for eternity, until our personal world reinvents itself anew. This natural process is endless, relentless and fascinating. But it is also exhausting, as we deep inside fear that the unknown future will be less than the present. So we resist and insist on permanence and duration. Some of us believe and experience the spiritual statement that the physical matter is the lowest, most unimportant and unreliable aspect of Life, as it is permanently changing and dying. But how flexible and adaptable will we be when destiny takes away what we once thought belonged to us? No wonder that we complain about pains in our muscles and joints. While we seem to tighten up with age, the body is simply reflecting our emotional and mental state of being. Still, isn\u2019t it amazing how fluid and shape-shifting the physical world is in reality? Nothing that seems solid is. Everything is hurrying into some other form, even concrete, even stone. Our human body is made up of 70% of water. The brain and heart are composed of 73% of water, the lungs of 83%. The skin contains 64% of water, muscles and kidneys 79%. Even the bones are made of 31% of water. Deep in our cells, we experience on a daily base the fluidity of Life. Therefore, if we start from the premise that the architecture of the human body is based on an evolutionary process of oceanic origins, then we understand why our tears and our sweat contain salty water. Even as embryos we evolve 9 months in the salty amniotic fluid, floating like little sea creatures in our private oceanic environment. Does this not mean that we all carry in our bodies an inner sea that we can activate and stimulate?  This (water therapy) reactivates the cells in our body, reminding them of their innate capacity for fluidity and flow (Arjana Brunschwiler).<\/h3>\n\n\n\n<p class=\"has-text-align-right\"><br><em>&#8220;Ich war w\u00e4hrend der ganzen Session tief im Kontakt mit so viel Vertrauen, Halt, Schutz und Sicherheit. Es war so sch\u00f6n, dass ich all diese Qualit\u00e4ten&nbsp;<\/em><strong><em>in mir&nbsp;<\/em><\/strong><em>sp\u00fcren konnte, w\u00e4hrend Du mich wie eine Meeresbewohnerin durch das Wasser gleiten lie\u00dft. Ich habe sowohl die kr\u00e4ftigeren als auch die sanfteren Bewegungen gleicherma\u00dfen genossen und dabei ganz unterschiedliche Qualit\u00e4ten meiner selbst gesp\u00fcrt. Durch Deine liebevolle Arbeit hast Du mir geholfen, mich noch ein St\u00fcck mehr daran zu erinnern, dass im Jetzt wirklich&nbsp;<\/em><strong><em>alles<\/em><\/strong><em>&nbsp;da ist, dass ich Zugang zu all dem habe, was f\u00fcr mich wichtig ist. Ich habe Dich und Deine achtsame Pr\u00e4senz w\u00e4hrend der gesamten Zeit wahrgenommen, konnte meinen Fokus aber ganz bei mir und meinem K\u00f6rper lassen. Das bewusste Atmen diente mir hierf\u00fcr auch sehr. Diesen, meinen Raum zu sp\u00fcren war eine wundervolle Erfahrung. Die (Alltags-)Stimmen in meinem Kopf wurden leiser, auch die anderen Menschen im Becken haben mich kein bisschen gest\u00f6rt &#8211; ich war einfach ganz friedlich und sicher an meinem Platz. Herzensdank f\u00fcr diese Erfahrung&#8221; (Anonym, Februar 2018)<\/em><\/p>\n\n\n\n<p class=\"has-text-align-right\"><em>&#8220;voller Freude und ohne konkrete Vorstellung kam ich vergangenen Mittwoch zu Dir ins Dji Dance.&nbsp;Ich habe mich zur\u00fcckgelehnt und fallen lassen. Mit geschlossenen Augen genoss ich den Schwebezustand im Solebecken und erlebte eine kaum dagewesene Urentspannung und Wohlsein, eine Geborgenheit wie man sie wohl sonst nur als Embryo im Mutterleib kennt.<\/em> <em>Die sanften Dehn\u00fcbungen wirkten auf mich wie eine Form von Chiropraktik und Massage in sanften Bewegungen und lockerten s\u00e4mtliche Verspannungen und Blockaden. W\u00e4hrend der Anwendung habe ich mich zu jeder Zeit sicher und entspannt gef\u00fchlt und danke Dir von Herzen f\u00fcr diese wundervolle Erfahrung\u201d (Julian, Februar 2019)<\/em><\/p>\n\n\n\n<figure class=\"wp-block-image is-resized\"><img loading=\"lazy\" decoding=\"async\" src=\"https:\/\/www.medicalvibez.com\/wp-content\/uploads\/2014\/08\/Logo-DThaiM2.png\" alt=\"\" class=\"wp-image-259\" width=\"89\" height=\"89\" srcset=\"https:\/\/www.medicalvibez.com\/wp-content\/uploads\/2014\/08\/Logo-DThaiM2.png 312w, https:\/\/www.medicalvibez.com\/wp-content\/uploads\/2014\/08\/Logo-DThaiM2-150x150.png 150w, https:\/\/www.medicalvibez.com\/wp-content\/uploads\/2014\/08\/Logo-DThaiM2-300x300.png 300w, https:\/\/www.medicalvibez.com\/wp-content\/uploads\/2014\/08\/Logo-DThaiM2-60x60.png 60w\" sizes=\"auto, (max-width: 89px) 100vw, 89px\" \/><\/figure>\n\n\n\n<p><br>60 min \/\/ 90 Euros<br>90 min \/\/ 120&nbsp;Euros<br><\/p>\n\n\n\n<p><\/p>\n","protected":false},"excerpt":{"rendered":"<p>Dji Dance&nbsp;is pure Magic in Water: a deeply relaxing form of holistic bodywork, which takes place in warm thermal water. For me, another way of meditation &amp; Dancing. For you, a journey to the endless blue depth of your inner ocean. Enjoy being held meanwhile rediscovering trust and peace within yourself DjiDance combines elements of &hellip; <\/p>\n<p class=\"link-more\"><a href=\"https:\/\/www.medicalvibez.com\/?page_id=720\" class=\"more-link\">Continue reading<span class=\"screen-reader-text\"> &#8220;Dji Dance &#8211; Aquatic Therapy&#8221;<\/span><\/a><\/p>\n","protected":false},"author":1,"featured_media":259,"parent":0,"menu_order":0,"comment_status":"closed","ping_status":"closed","template":"","meta":{"footnotes":""},"class_list":["post-720","page","type-page","status-publish","has-post-thumbnail","hentry"],"_links":{"self":[{"href":"https:\/\/www.medicalvibez.com\/index.php?rest_route=\/wp\/v2\/pages\/720","targetHints":{"allow":["GET"]}}],"collection":[{"href":"https:\/\/www.medicalvibez.com\/index.php?rest_route=\/wp\/v2\/pages"}],"about":[{"href":"https:\/\/www.medicalvibez.com\/index.php?rest_route=\/wp\/v2\/types\/page"}],"author":[{"embeddable":true,"href":"https:\/\/www.medicalvibez.com\/index.php?rest_route=\/wp\/v2\/users\/1"}],"replies":[{"embeddable":true,"href":"https:\/\/www.medicalvibez.com\/index.php?rest_route=%2Fwp%2Fv2%2Fcomments&post=720"}],"version-history":[{"count":20,"href":"https:\/\/www.medicalvibez.com\/index.php?rest_route=\/wp\/v2\/pages\/720\/revisions"}],"predecessor-version":[{"id":955,"href":"https:\/\/www.medicalvibez.com\/index.php?rest_route=\/wp\/v2\/pages\/720\/revisions\/955"}],"wp:featuredmedia":[{"embeddable":true,"href":"https:\/\/www.medicalvibez.com\/index.php?rest_route=\/wp\/v2\/media\/259"}],"wp:attachment":[{"href":"https:\/\/www.medicalvibez.com\/index.php?rest_route=%2Fwp%2Fv2%2Fmedia&parent=720"}],"curies":[{"name":"wp","href":"https:\/\/api.w.org\/{rel}","templated":true}]}}