{"id":1004,"date":"2025-07-08T12:56:10","date_gmt":"2025-07-08T12:56:10","guid":{"rendered":"https:\/\/www.medicalvibez.com\/?page_id=1004"},"modified":"2025-07-08T13:27:50","modified_gmt":"2025-07-08T13:27:50","slug":"thai-yoga-bodyart-basic-formation","status":"publish","type":"page","link":"https:\/\/www.medicalvibez.com\/?page_id=1004","title":{"rendered":"Holistic BodyWorkerIn Basic Formation"},"content":{"rendered":"\n<p class=\"has-text-align-center\">5 Module &#8211; Einzel oder als Gesamtpaket buchbar<\/p>\n\n\n\n<figure class=\"wp-block-image size-large\"><a href=\"https:\/\/www.medicalvibez.com\/wp-content\/uploads\/2025\/07\/Jen-11.jpg\"><img loading=\"lazy\" decoding=\"async\" width=\"1024\" height=\"684\" src=\"https:\/\/www.medicalvibez.com\/wp-content\/uploads\/2025\/07\/Jen-11-1024x684.jpg\" alt=\"\" class=\"wp-image-1008\" srcset=\"https:\/\/www.medicalvibez.com\/wp-content\/uploads\/2025\/07\/Jen-11-1024x684.jpg 1024w, https:\/\/www.medicalvibez.com\/wp-content\/uploads\/2025\/07\/Jen-11-300x200.jpg 300w, https:\/\/www.medicalvibez.com\/wp-content\/uploads\/2025\/07\/Jen-11-768x513.jpg 768w, https:\/\/www.medicalvibez.com\/wp-content\/uploads\/2025\/07\/Jen-11-1536x1025.jpg 1536w, https:\/\/www.medicalvibez.com\/wp-content\/uploads\/2025\/07\/Jen-11-2048x1367.jpg 2048w\" sizes=\"auto, (max-width: 767px) 89vw, (max-width: 1000px) 54vw, (max-width: 1071px) 543px, 580px\" \/><\/a><figcaption class=\"wp-element-caption\">Buenas Vibras Escape<\/figcaption><\/figure>\n\n\n\n<h3 class=\"wp-block-heading\">Thai Yoga BodyArt ist eine ganzheitliche K\u00f6rperarbeit die auf Pr\u00e4senz und Achtsamkeit basiert. Ein Heilwissen welches Atmung, Rhythmus, Akupressur und Dehnung, \u00d6ffnung in einem yogischen Medizinkonzept vereint.<\/h3>\n\n\n\n<h3 class=\"wp-block-heading\">Mit jeder Sinnesqualit\u00e4t \u00f6ffnet sich eine neue Dimension und erweitert sich das Universum. Alles beginnt mit der Ber\u00fchrung. Die Ber\u00fchrung ist die Wurzel. Thai Yoga BodyArt h\u00e4lt den Fokus auf die Qualit\u00e4t der Ber\u00fchrung.<br>Neben der angewandten K\u00f6rperarbeit welche der Traditionellen Thai Yoga Massage&nbsp;entspringt, mit Elementen des Yoga und Ayurveda ist \u201eMetta\u201d, die liebevolle Aufmerksamkeit, die wichtigste Zutat. Durch das Kultivieren von Meta aktivieren wir unsere Herzqualit\u00e4ten. Das Zuh\u00f6ren und Erf\u00fchlen im Hier und Jetzt, ganz in Pr\u00e4senz, als eine Art Meditation in Bewegung l\u00e4sst Thai Yoga BodyArt zu einem \u201cHeiligen Tanz\u201d werden. Wir erschaffen einen heilenden Raum in dem \u00fcber das Harmonisieren und Entspannen Selbstheilugskr\u00e4fte aktiviert werden d\u00fcrfen.<\/h3>\n\n\n\n<h3 class=\"wp-block-heading\">Wenn es uns gelingt unseren Geist zu beruhigen und wir im K\u00f6rper ankommen d\u00fcrfen erfahren wir essentielle Medizin. In dem Erfahren von Einssein und es als unsere wahre Natur re-integrieren zu d\u00fcrfen l\u00e4sst Heilung stattfinden.<br>Thai Yoga BodyArt als eine holistische Heilkunst, aufgebaut auf den Prinzipien<\/h3>\n\n\n\n<h3 class=\"wp-block-heading\">1. Meditation<br>2. Metta und Atemgewahrsein<br>3. tiefe, achtsame Dehnung und Akupressur entsprechend dem yogischen K\u00f6rperkonzept<\/h3>\n\n\n\n<h3 class=\"wp-block-heading\">Die Basic Ausbildung Thai Yoga BodyArt ist aufgeteilt in 5 Module:\u00a0Im Gesamtkonzept ergibt es eine Basic Ausbildung als holistischer BodyWorker\/In. Jedes Einzel-Modul in sich geschlossen und rund, sprich auch einzeln gebucht sinnvoll und anwendbar. In jedem Fall auch einsetzbar und wertvolle Unterst\u00fctzung f\u00fcr Hilfestellungen und Korrekturen im Yogaunterricht.\u00a0In den einzelnen Modulen werden wir medizinanthropologischen Hintergrund, Grundtechniken, Aufbau und Sequenzierung sowie komplexe Techniken f\u00fcr den ganzen K\u00f6rper erlernen. Sanfte Gelenkmobilisation sowie neue Dehnungstechniken und dynamischere Bewegungsabl\u00e4ufe die zu einer getanzten Choreografie zusammengestellt werden.                                                                     <\/h3>\n\n\n\n<p>einzelne Module 290\u20ac, oder als GesamtBasicAusbildung incl Scripts und Zertifikat 1250\u20ac<\/p>\n\n\n\n<p>Inhalte der Module:                                                                                                                                                     Einf\u00fchrung ins Savasana (die Qualit\u00e4t der Ber\u00fchrung) &#8211; Einf\u00fchrung in das System der EnergieLinien &#8211; R\u00fcckenLage &#8211; BauchLage &#8211; SeitLage<\/p>\n\n\n\n<p>f\u00fcr mehr Infos\/Anmeldung bitte kontaktieren und wir teilen n\u00e4chstliegende Termine und Ort mit<\/p>\n\n\n\n<p><\/p>\n\n\n\n<p><\/p>\n\n\n\n<p><\/p>\n\n\n\n<p><\/p>\n","protected":false},"excerpt":{"rendered":"<p>5 Module &#8211; Einzel oder als Gesamtpaket buchbar Thai Yoga BodyArt ist eine ganzheitliche K\u00f6rperarbeit die auf Pr\u00e4senz und Achtsamkeit basiert. Ein Heilwissen welches Atmung, Rhythmus, Akupressur und Dehnung, \u00d6ffnung in einem yogischen Medizinkonzept vereint. Mit jeder Sinnesqualit\u00e4t \u00f6ffnet sich eine neue Dimension und erweitert sich das Universum. Alles beginnt mit der Ber\u00fchrung. Die Ber\u00fchrung &hellip; <\/p>\n<p class=\"link-more\"><a href=\"https:\/\/www.medicalvibez.com\/?page_id=1004\" class=\"more-link\">Continue reading<span class=\"screen-reader-text\"> &#8220;Holistic BodyWorkerIn Basic Formation&#8221;<\/span><\/a><\/p>\n","protected":false},"author":1,"featured_media":0,"parent":0,"menu_order":0,"comment_status":"closed","ping_status":"closed","template":"","meta":{"footnotes":""},"class_list":["post-1004","page","type-page","status-publish","hentry"],"_links":{"self":[{"href":"https:\/\/www.medicalvibez.com\/index.php?rest_route=\/wp\/v2\/pages\/1004","targetHints":{"allow":["GET"]}}],"collection":[{"href":"https:\/\/www.medicalvibez.com\/index.php?rest_route=\/wp\/v2\/pages"}],"about":[{"href":"https:\/\/www.medicalvibez.com\/index.php?rest_route=\/wp\/v2\/types\/page"}],"author":[{"embeddable":true,"href":"https:\/\/www.medicalvibez.com\/index.php?rest_route=\/wp\/v2\/users\/1"}],"replies":[{"embeddable":true,"href":"https:\/\/www.medicalvibez.com\/index.php?rest_route=%2Fwp%2Fv2%2Fcomments&post=1004"}],"version-history":[{"count":4,"href":"https:\/\/www.medicalvibez.com\/index.php?rest_route=\/wp\/v2\/pages\/1004\/revisions"}],"predecessor-version":[{"id":1012,"href":"https:\/\/www.medicalvibez.com\/index.php?rest_route=\/wp\/v2\/pages\/1004\/revisions\/1012"}],"wp:attachment":[{"href":"https:\/\/www.medicalvibez.com\/index.php?rest_route=%2Fwp%2Fv2%2Fmedia&parent=1004"}],"curies":[{"name":"wp","href":"https:\/\/api.w.org\/{rel}","templated":true}]}}